{"id":1595,"date":"2016-03-15T11:40:07","date_gmt":"2016-03-15T09:40:07","guid":{"rendered":"https:\/\/bode-hellas.gr\/de\/?page_id=1595"},"modified":"2016-04-14T13:16:32","modified_gmt":"2016-04-14T10:16:32","slug":"dienstleistungen","status":"publish","type":"page","link":"https:\/\/bode-hellas.gr\/de\/dienstleistungen\/","title":{"rendered":"Dienstleistungen"},"content":{"rendered":"<h5><strong>Schwei\u00dfen von Metallen<\/strong><\/h5>\n<p>Schwei\u00dfen: Das Herstellungsverfahren, das die Werkstoffe verbindet.<\/p>\n<p>In diesem Verfahren werden alle Phasen der Vorbereitung, der Durchf\u00fchrung und der Bearbeitung des geschwei\u00dften Enderzeugnisses zusammengefa\u00dft.<\/p>\n<p>Bei BODE Hellas werden unter Aufsicht unserer Ingenieure und in Anwendung von sehr strengen Qualit\u00e4tsnormen unsere Schwei\u00dfer ausgebildet und zertifiziert, um die besten Ergebnisse zu erhalten.<\/p>\n<p>Wir k\u00f6nnen Aluminium (WIG-MIG), Stahl, sowie rostfreien Stahl (MAG) zusammenschwei\u00dfen und hierzu unsere Kenntnisse anbieten.<\/p>\n<h5><strong>Aluminiumverarbeitung.<\/strong><\/h5>\n<p>In unseren Betriebsanlagen k\u00f6nnen alle Leichtmetalle verarbeitet werden, vom Biegen bis zum Abkanten, Schneiden, Perforieren, Vorbereitung der Oberfl\u00e4chen f\u00fcr das F\u00e4rben, Sonderkonfigurationen usw.<\/p>\n<p>Wir verf\u00fcgen \u00fcber alle notwendigen Bearbeitungsmaschinen und investieren in neue Technologien um unsere Qualit\u00e4tsziele zu erreichen.<\/p>\n<div id='gallery-1' class='gallery galleryid-1595 gallery-columns-4 gallery-size-thumbnail'><figure class='gallery-item'>\n\t\t\t<div class='gallery-icon portrait'>\n\t\t\t\t<a href='https:\/\/bode-hellas.gr\/wp-content\/uploads\/2016\/03\/Aluminum-processing-1.jpg'><img width=\"400\" height=\"400\" src=\"https:\/\/bode-hellas.gr\/wp-content\/uploads\/2016\/03\/Aluminum-processing-1-400x400.jpg\" class=\"attachment-thumbnail size-thumbnail\" alt=\"\" loading=\"lazy\" srcset=\"https:\/\/bode-hellas.gr\/wp-content\/uploads\/2016\/03\/Aluminum-processing-1-400x400.jpg 400w, https:\/\/bode-hellas.gr\/wp-content\/uploads\/2016\/03\/Aluminum-processing-1-200x200.jpg 200w\" sizes=\"(max-width: 400px) 100vw, 400px\" \/><\/a>\n\t\t\t<\/div><\/figure><figure class='gallery-item'>\n\t\t\t<div class='gallery-icon portrait'>\n\t\t\t\t<a href='https:\/\/bode-hellas.gr\/wp-content\/uploads\/2016\/03\/IMG_0103.jpg'><img width=\"400\" height=\"400\" src=\"https:\/\/bode-hellas.gr\/wp-content\/uploads\/2016\/03\/IMG_0103-400x400.jpg\" class=\"attachment-thumbnail size-thumbnail\" alt=\"\" loading=\"lazy\" srcset=\"https:\/\/bode-hellas.gr\/wp-content\/uploads\/2016\/03\/IMG_0103-400x400.jpg 400w, https:\/\/bode-hellas.gr\/wp-content\/uploads\/2016\/03\/IMG_0103-200x200.jpg 200w\" sizes=\"(max-width: 400px) 100vw, 400px\" \/><\/a>\n\t\t\t<\/div><\/figure><figure class='gallery-item'>\n\t\t\t<div class='gallery-icon portrait'>\n\t\t\t\t<a href='https:\/\/bode-hellas.gr\/wp-content\/uploads\/2016\/03\/IMG_20151119_120310.jpg'><img width=\"400\" height=\"400\" src=\"https:\/\/bode-hellas.gr\/wp-content\/uploads\/2016\/03\/IMG_20151119_120310-400x400.jpg\" class=\"attachment-thumbnail size-thumbnail\" alt=\"\" loading=\"lazy\" srcset=\"https:\/\/bode-hellas.gr\/wp-content\/uploads\/2016\/03\/IMG_20151119_120310-400x400.jpg 400w, https:\/\/bode-hellas.gr\/wp-content\/uploads\/2016\/03\/IMG_20151119_120310-200x200.jpg 200w\" sizes=\"(max-width: 400px) 100vw, 400px\" \/><\/a>\n\t\t\t<\/div><\/figure><figure class='gallery-item'>\n\t\t\t<div class='gallery-icon landscape'>\n\t\t\t\t<a href='https:\/\/bode-hellas.gr\/wp-content\/uploads\/2016\/03\/IMG_20151126_115519.jpg'><img width=\"400\" height=\"400\" src=\"https:\/\/bode-hellas.gr\/wp-content\/uploads\/2016\/03\/IMG_20151126_115519-400x400.jpg\" class=\"attachment-thumbnail size-thumbnail\" alt=\"\" loading=\"lazy\" srcset=\"https:\/\/bode-hellas.gr\/wp-content\/uploads\/2016\/03\/IMG_20151126_115519-400x400.jpg 400w, https:\/\/bode-hellas.gr\/wp-content\/uploads\/2016\/03\/IMG_20151126_115519-200x200.jpg 200w\" sizes=\"(max-width: 400px) 100vw, 400px\" \/><\/a>\n\t\t\t<\/div><\/figure><figure class='gallery-item'>\n\t\t\t<div class='gallery-icon landscape'>\n\t\t\t\t<a href='https:\/\/bode-hellas.gr\/wp-content\/uploads\/2016\/03\/IMG_20151126_120127-1.jpg'><img width=\"400\" height=\"400\" src=\"https:\/\/bode-hellas.gr\/wp-content\/uploads\/2016\/03\/IMG_20151126_120127-1-400x400.jpg\" class=\"attachment-thumbnail size-thumbnail\" alt=\"\" loading=\"lazy\" srcset=\"https:\/\/bode-hellas.gr\/wp-content\/uploads\/2016\/03\/IMG_20151126_120127-1-400x400.jpg 400w, https:\/\/bode-hellas.gr\/wp-content\/uploads\/2016\/03\/IMG_20151126_120127-1-200x200.jpg 200w\" sizes=\"(max-width: 400px) 100vw, 400px\" \/><\/a>\n\t\t\t<\/div><\/figure><figure class='gallery-item'>\n\t\t\t<div class='gallery-icon landscape'>\n\t\t\t\t<a href='https:\/\/bode-hellas.gr\/wp-content\/uploads\/2016\/03\/IMG_20151126_120146.jpg'><img width=\"400\" height=\"400\" src=\"https:\/\/bode-hellas.gr\/wp-content\/uploads\/2016\/03\/IMG_20151126_120146-400x400.jpg\" class=\"attachment-thumbnail size-thumbnail\" alt=\"\" loading=\"lazy\" srcset=\"https:\/\/bode-hellas.gr\/wp-content\/uploads\/2016\/03\/IMG_20151126_120146-400x400.jpg 400w, https:\/\/bode-hellas.gr\/wp-content\/uploads\/2016\/03\/IMG_20151126_120146-200x200.jpg 200w\" sizes=\"(max-width: 400px) 100vw, 400px\" \/><\/a>\n\t\t\t<\/div><\/figure><figure class='gallery-item'>\n\t\t\t<div class='gallery-icon landscape'>\n\t\t\t\t<a href='https:\/\/bode-hellas.gr\/wp-content\/uploads\/2016\/03\/IMG_20151126_120201.jpg'><img width=\"400\" height=\"400\" src=\"https:\/\/bode-hellas.gr\/wp-content\/uploads\/2016\/03\/IMG_20151126_120201-400x400.jpg\" class=\"attachment-thumbnail size-thumbnail\" alt=\"\" loading=\"lazy\" srcset=\"https:\/\/bode-hellas.gr\/wp-content\/uploads\/2016\/03\/IMG_20151126_120201-400x400.jpg 400w, https:\/\/bode-hellas.gr\/wp-content\/uploads\/2016\/03\/IMG_20151126_120201-200x200.jpg 200w\" sizes=\"(max-width: 400px) 100vw, 400px\" \/><\/a>\n\t\t\t<\/div><\/figure><figure class='gallery-item'>\n\t\t\t<div class='gallery-icon landscape'>\n\t\t\t\t<a href='https:\/\/bode-hellas.gr\/wp-content\/uploads\/2016\/03\/IMG_20151126_121548-1.jpg'><img width=\"400\" height=\"400\" src=\"https:\/\/bode-hellas.gr\/wp-content\/uploads\/2016\/03\/IMG_20151126_121548-1-400x400.jpg\" class=\"attachment-thumbnail size-thumbnail\" alt=\"\" loading=\"lazy\" srcset=\"https:\/\/bode-hellas.gr\/wp-content\/uploads\/2016\/03\/IMG_20151126_121548-1-400x400.jpg 400w, https:\/\/bode-hellas.gr\/wp-content\/uploads\/2016\/03\/IMG_20151126_121548-1-200x200.jpg 200w\" sizes=\"(max-width: 400px) 100vw, 400px\" \/><\/a>\n\t\t\t<\/div><\/figure><figure class='gallery-item'>\n\t\t\t<div class='gallery-icon landscape'>\n\t\t\t\t<a href='https:\/\/bode-hellas.gr\/wp-content\/uploads\/2016\/03\/IMG_20151126_121623.jpg'><img width=\"400\" height=\"400\" src=\"https:\/\/bode-hellas.gr\/wp-content\/uploads\/2016\/03\/IMG_20151126_121623-400x400.jpg\" class=\"attachment-thumbnail size-thumbnail\" alt=\"\" loading=\"lazy\" srcset=\"https:\/\/bode-hellas.gr\/wp-content\/uploads\/2016\/03\/IMG_20151126_121623-400x400.jpg 400w, https:\/\/bode-hellas.gr\/wp-content\/uploads\/2016\/03\/IMG_20151126_121623-200x200.jpg 200w\" sizes=\"(max-width: 400px) 100vw, 400px\" \/><\/a>\n\t\t\t<\/div><\/figure><figure class='gallery-item'>\n\t\t\t<div class='gallery-icon landscape'>\n\t\t\t\t<a href='https:\/\/bode-hellas.gr\/wp-content\/uploads\/2016\/03\/IMG_20151126_121655.jpg'><img width=\"400\" height=\"400\" src=\"https:\/\/bode-hellas.gr\/wp-content\/uploads\/2016\/03\/IMG_20151126_121655-400x400.jpg\" class=\"attachment-thumbnail size-thumbnail\" alt=\"\" loading=\"lazy\" srcset=\"https:\/\/bode-hellas.gr\/wp-content\/uploads\/2016\/03\/IMG_20151126_121655-400x400.jpg 400w, https:\/\/bode-hellas.gr\/wp-content\/uploads\/2016\/03\/IMG_20151126_121655-200x200.jpg 200w\" sizes=\"(max-width: 400px) 100vw, 400px\" \/><\/a>\n\t\t\t<\/div><\/figure><figure class='gallery-item'>\n\t\t\t<div class='gallery-icon landscape'>\n\t\t\t\t<a href='https:\/\/bode-hellas.gr\/wp-content\/uploads\/2016\/03\/IMG_20151126_121902.jpg'><img width=\"400\" height=\"400\" src=\"https:\/\/bode-hellas.gr\/wp-content\/uploads\/2016\/03\/IMG_20151126_121902-400x400.jpg\" class=\"attachment-thumbnail size-thumbnail\" alt=\"\" loading=\"lazy\" srcset=\"https:\/\/bode-hellas.gr\/wp-content\/uploads\/2016\/03\/IMG_20151126_121902-400x400.jpg 400w, https:\/\/bode-hellas.gr\/wp-content\/uploads\/2016\/03\/IMG_20151126_121902-200x200.jpg 200w\" sizes=\"(max-width: 400px) 100vw, 400px\" \/><\/a>\n\t\t\t<\/div><\/figure><figure class='gallery-item'>\n\t\t\t<div class='gallery-icon landscape'>\n\t\t\t\t<a href='https:\/\/bode-hellas.gr\/wp-content\/uploads\/2016\/03\/IMG_20151126_121919-1.jpg'><img width=\"400\" height=\"400\" src=\"https:\/\/bode-hellas.gr\/wp-content\/uploads\/2016\/03\/IMG_20151126_121919-1-400x400.jpg\" class=\"attachment-thumbnail size-thumbnail\" alt=\"\" loading=\"lazy\" srcset=\"https:\/\/bode-hellas.gr\/wp-content\/uploads\/2016\/03\/IMG_20151126_121919-1-400x400.jpg 400w, https:\/\/bode-hellas.gr\/wp-content\/uploads\/2016\/03\/IMG_20151126_121919-1-200x200.jpg 200w\" sizes=\"(max-width: 400px) 100vw, 400px\" \/><\/a>\n\t\t\t<\/div><\/figure><figure class='gallery-item'>\n\t\t\t<div class='gallery-icon portrait'>\n\t\t\t\t<a href='https:\/\/bode-hellas.gr\/wp-content\/uploads\/2016\/03\/IMG_20151126_130944.jpg'><img width=\"400\" height=\"400\" src=\"https:\/\/bode-hellas.gr\/wp-content\/uploads\/2016\/03\/IMG_20151126_130944-400x400.jpg\" class=\"attachment-thumbnail size-thumbnail\" alt=\"\" loading=\"lazy\" srcset=\"https:\/\/bode-hellas.gr\/wp-content\/uploads\/2016\/03\/IMG_20151126_130944-400x400.jpg 400w, https:\/\/bode-hellas.gr\/wp-content\/uploads\/2016\/03\/IMG_20151126_130944-200x200.jpg 200w\" sizes=\"(max-width: 400px) 100vw, 400px\" \/><\/a>\n\t\t\t<\/div><\/figure><figure class='gallery-item'>\n\t\t\t<div class='gallery-icon landscape'>\n\t\t\t\t<a href='https:\/\/bode-hellas.gr\/wp-content\/uploads\/2016\/03\/IMG_20151126_131123-1.jpg'><img width=\"400\" height=\"400\" src=\"https:\/\/bode-hellas.gr\/wp-content\/uploads\/2016\/03\/IMG_20151126_131123-1-400x400.jpg\" class=\"attachment-thumbnail size-thumbnail\" alt=\"\" loading=\"lazy\" srcset=\"https:\/\/bode-hellas.gr\/wp-content\/uploads\/2016\/03\/IMG_20151126_131123-1-400x400.jpg 400w, https:\/\/bode-hellas.gr\/wp-content\/uploads\/2016\/03\/IMG_20151126_131123-1-200x200.jpg 200w\" sizes=\"(max-width: 400px) 100vw, 400px\" \/><\/a>\n\t\t\t<\/div><\/figure><figure class='gallery-item'>\n\t\t\t<div class='gallery-icon landscape'>\n\t\t\t\t<a href='https:\/\/bode-hellas.gr\/wp-content\/uploads\/2016\/03\/IMG_20151126_131432.jpg'><img width=\"400\" height=\"400\" src=\"https:\/\/bode-hellas.gr\/wp-content\/uploads\/2016\/03\/IMG_20151126_131432-400x400.jpg\" class=\"attachment-thumbnail size-thumbnail\" alt=\"\" loading=\"lazy\" srcset=\"https:\/\/bode-hellas.gr\/wp-content\/uploads\/2016\/03\/IMG_20151126_131432-400x400.jpg 400w, https:\/\/bode-hellas.gr\/wp-content\/uploads\/2016\/03\/IMG_20151126_131432-200x200.jpg 200w\" sizes=\"(max-width: 400px) 100vw, 400px\" \/><\/a>\n\t\t\t<\/div><\/figure><figure class='gallery-item'>\n\t\t\t<div class='gallery-icon portrait'>\n\t\t\t\t<a href='https:\/\/bode-hellas.gr\/wp-content\/uploads\/2016\/03\/IMG_20151126_131507.jpg'><img width=\"400\" height=\"400\" src=\"https:\/\/bode-hellas.gr\/wp-content\/uploads\/2016\/03\/IMG_20151126_131507-400x400.jpg\" class=\"attachment-thumbnail size-thumbnail\" alt=\"\" loading=\"lazy\" srcset=\"https:\/\/bode-hellas.gr\/wp-content\/uploads\/2016\/03\/IMG_20151126_131507-400x400.jpg 400w, https:\/\/bode-hellas.gr\/wp-content\/uploads\/2016\/03\/IMG_20151126_131507-200x200.jpg 200w\" sizes=\"(max-width: 400px) 100vw, 400px\" \/><\/a>\n\t\t\t<\/div><\/figure><figure class='gallery-item'>\n\t\t\t<div class='gallery-icon landscape'>\n\t\t\t\t<a href='https:\/\/bode-hellas.gr\/wp-content\/uploads\/2016\/03\/IMG_20151126_132033.jpg'><img width=\"400\" height=\"400\" src=\"https:\/\/bode-hellas.gr\/wp-content\/uploads\/2016\/03\/IMG_20151126_132033-400x400.jpg\" class=\"attachment-thumbnail size-thumbnail\" alt=\"\" loading=\"lazy\" srcset=\"https:\/\/bode-hellas.gr\/wp-content\/uploads\/2016\/03\/IMG_20151126_132033-400x400.jpg 400w, https:\/\/bode-hellas.gr\/wp-content\/uploads\/2016\/03\/IMG_20151126_132033-200x200.jpg 200w\" sizes=\"(max-width: 400px) 100vw, 400px\" \/><\/a>\n\t\t\t<\/div><\/figure><figure class='gallery-item'>\n\t\t\t<div class='gallery-icon landscape'>\n\t\t\t\t<a href='https:\/\/bode-hellas.gr\/wp-content\/uploads\/2016\/03\/IMG_20151126_132109.jpg'><img width=\"400\" height=\"400\" src=\"https:\/\/bode-hellas.gr\/wp-content\/uploads\/2016\/03\/IMG_20151126_132109-400x400.jpg\" class=\"attachment-thumbnail size-thumbnail\" alt=\"\" loading=\"lazy\" srcset=\"https:\/\/bode-hellas.gr\/wp-content\/uploads\/2016\/03\/IMG_20151126_132109-400x400.jpg 400w, https:\/\/bode-hellas.gr\/wp-content\/uploads\/2016\/03\/IMG_20151126_132109-200x200.jpg 200w\" sizes=\"(max-width: 400px) 100vw, 400px\" \/><\/a>\n\t\t\t<\/div><\/figure><figure class='gallery-item'>\n\t\t\t<div class='gallery-icon landscape'>\n\t\t\t\t<a href='https:\/\/bode-hellas.gr\/wp-content\/uploads\/2016\/03\/IMG_20151126_133753.jpg'><img width=\"400\" height=\"400\" src=\"https:\/\/bode-hellas.gr\/wp-content\/uploads\/2016\/03\/IMG_20151126_133753-400x400.jpg\" class=\"attachment-thumbnail size-thumbnail\" alt=\"\" loading=\"lazy\" srcset=\"https:\/\/bode-hellas.gr\/wp-content\/uploads\/2016\/03\/IMG_20151126_133753-400x400.jpg 400w, https:\/\/bode-hellas.gr\/wp-content\/uploads\/2016\/03\/IMG_20151126_133753-200x200.jpg 200w\" sizes=\"(max-width: 400px) 100vw, 400px\" \/><\/a>\n\t\t\t<\/div><\/figure><figure class='gallery-item'>\n\t\t\t<div class='gallery-icon landscape'>\n\t\t\t\t<a href='https:\/\/bode-hellas.gr\/wp-content\/uploads\/2016\/03\/IMG_20151126_133914.jpg'><img width=\"400\" height=\"400\" src=\"https:\/\/bode-hellas.gr\/wp-content\/uploads\/2016\/03\/IMG_20151126_133914-400x400.jpg\" class=\"attachment-thumbnail size-thumbnail\" alt=\"\" loading=\"lazy\" srcset=\"https:\/\/bode-hellas.gr\/wp-content\/uploads\/2016\/03\/IMG_20151126_133914-400x400.jpg 400w, https:\/\/bode-hellas.gr\/wp-content\/uploads\/2016\/03\/IMG_20151126_133914-200x200.jpg 200w\" sizes=\"(max-width: 400px) 100vw, 400px\" \/><\/a>\n\t\t\t<\/div><\/figure>\n\t\t<\/div>\n\n","protected":false},"excerpt":{"rendered":"<p>Schwei\u00dfen von Metallen Schwei\u00dfen: Das Herstellungsverfahren, das die Werkstoffe verbindet. In diesem Verfahren werden alle Phasen der Vorbereitung, der Durchf\u00fchrung und der Bearbeitung des geschwei\u00dften&hellip;<\/p>\n","protected":false},"author":8,"featured_media":1340,"parent":0,"menu_order":0,"comment_status":"closed","ping_status":"closed","template":"","meta":[],"yoast_head":"<!-- This site is optimized with the Yoast SEO plugin v17.5 - https:\/\/yoast.com\/wordpress\/plugins\/seo\/ -->\n<title>Dienstleistungen &ndash; Bode Hellas<\/title>\n<meta name=\"robots\" content=\"index, follow, max-snippet:-1, max-image-preview:large, max-video-preview:-1\" \/>\n<link rel=\"canonical\" href=\"https:\/\/bode-hellas.gr\/de\/dienstleistungen\/\" \/>\n<meta property=\"og:locale\" content=\"de_DE\" \/>\n<meta property=\"og:type\" content=\"article\" \/>\n<meta property=\"og:title\" content=\"Dienstleistungen &ndash; Bode Hellas\" \/>\n<meta property=\"og:description\" content=\"Schwei\u00dfen von Metallen Schwei\u00dfen: Das Herstellungsverfahren, das die Werkstoffe verbindet. In diesem Verfahren werden alle Phasen der Vorbereitung, der Durchf\u00fchrung und der Bearbeitung des geschwei\u00dften&hellip;\" \/>\n<meta property=\"og:url\" content=\"https:\/\/bode-hellas.gr\/de\/dienstleistungen\/\" \/>\n<meta property=\"og:site_name\" content=\"Bode Hellas\" \/>\n<meta property=\"article:modified_time\" content=\"2016-04-14T10:16:32+00:00\" \/>\n<meta property=\"og:image\" content=\"https:\/\/bode-hellas.gr\/wp-content\/uploads\/2014\/12\/about-us.jpg\" \/>\n\t<meta property=\"og:image:width\" content=\"1920\" \/>\n\t<meta property=\"og:image:height\" content=\"331\" \/>\n<meta name=\"twitter:card\" content=\"summary_large_image\" \/>\n<meta name=\"twitter:label1\" content=\"Gesch\u00e4tzte Lesezeit\" \/>\n\t<meta name=\"twitter:data1\" content=\"1\u00a0Minute\" \/>\n<script type=\"application\/ld+json\" class=\"yoast-schema-graph\">{\"@context\":\"https:\/\/schema.org\",\"@graph\":[{\"@type\":\"Organization\",\"@id\":\"https:\/\/bode-hellas.gr\/de\/#organization\",\"name\":\"Bode Hellas\",\"url\":\"https:\/\/bode-hellas.gr\/de\/\",\"sameAs\":[],\"logo\":{\"@type\":\"ImageObject\",\"@id\":\"https:\/\/bode-hellas.gr\/de\/#logo\",\"inLanguage\":\"de\",\"url\":\"https:\/\/bode-hellas.gr\/wp-content\/uploads\/2016\/03\/logo_alt.png\",\"contentUrl\":\"https:\/\/bode-hellas.gr\/wp-content\/uploads\/2016\/03\/logo_alt.png\",\"width\":500,\"height\":231,\"caption\":\"Bode Hellas\"},\"image\":{\"@id\":\"https:\/\/bode-hellas.gr\/de\/#logo\"}},{\"@type\":\"WebSite\",\"@id\":\"https:\/\/bode-hellas.gr\/de\/#website\",\"url\":\"https:\/\/bode-hellas.gr\/de\/\",\"name\":\"Bode Hellas\",\"description\":\"\",\"publisher\":{\"@id\":\"https:\/\/bode-hellas.gr\/de\/#organization\"},\"potentialAction\":[{\"@type\":\"SearchAction\",\"target\":{\"@type\":\"EntryPoint\",\"urlTemplate\":\"https:\/\/bode-hellas.gr\/de\/?s={search_term_string}\"},\"query-input\":\"required name=search_term_string\"}],\"inLanguage\":\"de\"},{\"@type\":\"ImageObject\",\"@id\":\"https:\/\/bode-hellas.gr\/de\/dienstleistungen\/#primaryimage\",\"inLanguage\":\"de\",\"url\":\"https:\/\/bode-hellas.gr\/wp-content\/uploads\/2014\/12\/about-us.jpg\",\"contentUrl\":\"https:\/\/bode-hellas.gr\/wp-content\/uploads\/2014\/12\/about-us.jpg\",\"width\":1920,\"height\":331},{\"@type\":\"WebPage\",\"@id\":\"https:\/\/bode-hellas.gr\/de\/dienstleistungen\/#webpage\",\"url\":\"https:\/\/bode-hellas.gr\/de\/dienstleistungen\/\",\"name\":\"Dienstleistungen &ndash; Bode Hellas\",\"isPartOf\":{\"@id\":\"https:\/\/bode-hellas.gr\/de\/#website\"},\"primaryImageOfPage\":{\"@id\":\"https:\/\/bode-hellas.gr\/de\/dienstleistungen\/#primaryimage\"},\"datePublished\":\"2016-03-15T09:40:07+00:00\",\"dateModified\":\"2016-04-14T10:16:32+00:00\",\"breadcrumb\":{\"@id\":\"https:\/\/bode-hellas.gr\/de\/dienstleistungen\/#breadcrumb\"},\"inLanguage\":\"de\",\"potentialAction\":[{\"@type\":\"ReadAction\",\"target\":[\"https:\/\/bode-hellas.gr\/de\/dienstleistungen\/\"]}]},{\"@type\":\"BreadcrumbList\",\"@id\":\"https:\/\/bode-hellas.gr\/de\/dienstleistungen\/#breadcrumb\",\"itemListElement\":[{\"@type\":\"ListItem\",\"position\":1,\"name\":\"Home\",\"item\":\"https:\/\/bode-hellas.gr\/de\/\"},{\"@type\":\"ListItem\",\"position\":2,\"name\":\"Dienstleistungen\"}]}]}<\/script>\n<!-- \/ Yoast SEO plugin. -->","yoast_head_json":{"title":"Dienstleistungen &ndash; Bode Hellas","robots":{"index":"index","follow":"follow","max-snippet":"max-snippet:-1","max-image-preview":"max-image-preview:large","max-video-preview":"max-video-preview:-1"},"canonical":"https:\/\/bode-hellas.gr\/de\/dienstleistungen\/","og_locale":"de_DE","og_type":"article","og_title":"Dienstleistungen &ndash; Bode Hellas","og_description":"Schwei\u00dfen von Metallen Schwei\u00dfen: Das Herstellungsverfahren, das die Werkstoffe verbindet. In diesem Verfahren werden alle Phasen der Vorbereitung, der Durchf\u00fchrung und der Bearbeitung des geschwei\u00dften&hellip;","og_url":"https:\/\/bode-hellas.gr\/de\/dienstleistungen\/","og_site_name":"Bode Hellas","article_modified_time":"2016-04-14T10:16:32+00:00","og_image":[{"width":1920,"height":331,"url":"https:\/\/bode-hellas.gr\/wp-content\/uploads\/2014\/12\/about-us.jpg","type":"image\/jpeg"}],"twitter_card":"summary_large_image","twitter_misc":{"Gesch\u00e4tzte Lesezeit":"1\u00a0Minute"},"schema":{"@context":"https:\/\/schema.org","@graph":[{"@type":"Organization","@id":"https:\/\/bode-hellas.gr\/de\/#organization","name":"Bode Hellas","url":"https:\/\/bode-hellas.gr\/de\/","sameAs":[],"logo":{"@type":"ImageObject","@id":"https:\/\/bode-hellas.gr\/de\/#logo","inLanguage":"de","url":"https:\/\/bode-hellas.gr\/wp-content\/uploads\/2016\/03\/logo_alt.png","contentUrl":"https:\/\/bode-hellas.gr\/wp-content\/uploads\/2016\/03\/logo_alt.png","width":500,"height":231,"caption":"Bode Hellas"},"image":{"@id":"https:\/\/bode-hellas.gr\/de\/#logo"}},{"@type":"WebSite","@id":"https:\/\/bode-hellas.gr\/de\/#website","url":"https:\/\/bode-hellas.gr\/de\/","name":"Bode Hellas","description":"","publisher":{"@id":"https:\/\/bode-hellas.gr\/de\/#organization"},"potentialAction":[{"@type":"SearchAction","target":{"@type":"EntryPoint","urlTemplate":"https:\/\/bode-hellas.gr\/de\/?s={search_term_string}"},"query-input":"required name=search_term_string"}],"inLanguage":"de"},{"@type":"ImageObject","@id":"https:\/\/bode-hellas.gr\/de\/dienstleistungen\/#primaryimage","inLanguage":"de","url":"https:\/\/bode-hellas.gr\/wp-content\/uploads\/2014\/12\/about-us.jpg","contentUrl":"https:\/\/bode-hellas.gr\/wp-content\/uploads\/2014\/12\/about-us.jpg","width":1920,"height":331},{"@type":"WebPage","@id":"https:\/\/bode-hellas.gr\/de\/dienstleistungen\/#webpage","url":"https:\/\/bode-hellas.gr\/de\/dienstleistungen\/","name":"Dienstleistungen &ndash; Bode Hellas","isPartOf":{"@id":"https:\/\/bode-hellas.gr\/de\/#website"},"primaryImageOfPage":{"@id":"https:\/\/bode-hellas.gr\/de\/dienstleistungen\/#primaryimage"},"datePublished":"2016-03-15T09:40:07+00:00","dateModified":"2016-04-14T10:16:32+00:00","breadcrumb":{"@id":"https:\/\/bode-hellas.gr\/de\/dienstleistungen\/#breadcrumb"},"inLanguage":"de","potentialAction":[{"@type":"ReadAction","target":["https:\/\/bode-hellas.gr\/de\/dienstleistungen\/"]}]},{"@type":"BreadcrumbList","@id":"https:\/\/bode-hellas.gr\/de\/dienstleistungen\/#breadcrumb","itemListElement":[{"@type":"ListItem","position":1,"name":"Home","item":"https:\/\/bode-hellas.gr\/de\/"},{"@type":"ListItem","position":2,"name":"Dienstleistungen"}]}]}},"_links":{"self":[{"href":"https:\/\/bode-hellas.gr\/de\/wp-json\/wp\/v2\/pages\/1595"}],"collection":[{"href":"https:\/\/bode-hellas.gr\/de\/wp-json\/wp\/v2\/pages"}],"about":[{"href":"https:\/\/bode-hellas.gr\/de\/wp-json\/wp\/v2\/types\/page"}],"author":[{"embeddable":true,"href":"https:\/\/bode-hellas.gr\/de\/wp-json\/wp\/v2\/users\/8"}],"replies":[{"embeddable":true,"href":"https:\/\/bode-hellas.gr\/de\/wp-json\/wp\/v2\/comments?post=1595"}],"version-history":[{"count":5,"href":"https:\/\/bode-hellas.gr\/de\/wp-json\/wp\/v2\/pages\/1595\/revisions"}],"predecessor-version":[{"id":1600,"href":"https:\/\/bode-hellas.gr\/de\/wp-json\/wp\/v2\/pages\/1595\/revisions\/1600"}],"wp:featuredmedia":[{"embeddable":true,"href":"https:\/\/bode-hellas.gr\/de\/wp-json\/wp\/v2\/media\/1340"}],"wp:attachment":[{"href":"https:\/\/bode-hellas.gr\/de\/wp-json\/wp\/v2\/media?parent=1595"}],"curies":[{"name":"wp","href":"https:\/\/api.w.org\/{rel}","templated":true}]}}