{"id":1720,"date":"2014-12-04T13:54:23","date_gmt":"2014-12-04T11:54:23","guid":{"rendered":"https:\/\/bode-hellas.gr\/de\/?page_id=1720"},"modified":"2016-04-20T10:33:05","modified_gmt":"2016-04-20T07:33:05","slug":"profil","status":"publish","type":"page","link":"https:\/\/bode-hellas.gr\/de\/profil\/","title":{"rendered":"Profil"},"content":{"rendered":"<p lang=\"de-DE\" align=\"left\"><strong>Bode Hellas<\/strong> ist ein griechisches Unternehmen, das im Jahre 1984 als Tochtergesellschaft der Gebr. BODE GmbH mit Gesch\u00e4ftsf\u00fchrer Herrn Michail Tsiledakis und Zweck die Produktion von Fahrzeugt\u00fcren f\u00fcr den Nah-, Fern-, Touristik- und Zugverkehr gegr\u00fcndet wurde.<\/p>\n<p lang=\"de-DE\" align=\"left\">Im Jahre 2007 hat die Muttergesellschaft Gebr. BODE GmbH ihre Gesellschaftsanteile an Herrn Michail Tsiledakis \u00fcbertragen und seitdem ist die Gesellschaft als Familienunternehmen t\u00e4tig.<\/p>\n<p lang=\"de-DE\" align=\"left\">Mit 25 Besch\u00e4ftigten produzieren wir j\u00e4hrlich mehr als 23.000 T\u00fcrrahmen f\u00fcr den ganzen europ\u00e4ischen Markt mit hohen qualitativen Anspr\u00fcchen.<\/p>\n<p lang=\"de-DE\" align=\"left\">Durch unser Vertriebssystem k\u00f6nnen wir eine \u00e4u\u00dferst pr\u00e4zise Lieferzeit garantieren.<\/p>\n<p lang=\"de-DE\" align=\"left\">Unsere Kunden die Gebr. BODE GmbH &amp; Co. KG, die griechische Eisenbahngesellschaft \u201eTRAINOSE\u201c; das Fahrzeugherstellerunternehmen \u201eELVO\u201c; das griechische Stra\u00dfenverkehrsunternehmen \u201eOSY\u201c und andere Fahrzeutindustrieunternehmen innerhalb und au\u00dferhalb der griechischen Grenzen.<\/p>\n<p align=\"left\"><span lang=\"de-DE\">Seit 2005 ist das Qualit\u00e4tssicherungssystem unseres Unternehmens gem\u00e4\u00df <\/span><span lang=\"de-DE\">ISO 9001:2008<\/span><span lang=\"de-DE\"> vom deutschen <\/span><strong><span lang=\"de-DE\">TUV NORD<\/span><\/strong><span lang=\"de-DE\"> zertifiziert.<\/span><\/p>\n<p align=\"left\"><span lang=\"de-DE\">Wir sind f\u00fcr das Schwei\u00dfen von Z\u00fcgen und Zugteilen gem\u00e4\u00df <\/span><strong><span lang=\"de-DE\">DIN EN ISO 15085-2<\/span><\/strong><span lang=\"de-DE\"> \u201e<\/span><strong><span lang=\"de-DE\">Schwei\u00dfen von Schienenfahrzeugen und \u2013 fahrzeugteilen<\/span><\/strong><span lang=\"de-DE\"> \u201ebescheinigt, sowie gem\u00e4\u00df <\/span><strong><span lang=\"de-DE\">DIN EN ISO 3834-2<\/span><\/strong> <span lang=\"de-DE\">\u201c<strong>Qualit\u00e4tsanforderung f\u00fcr das Schmelzschwei\u00dfen von metallischen Werkstoffen<\/strong>\u201c<\/span><span lang=\"de-DE\"> von der deutschen Beh\u00f6rde <\/span><span lang=\"de-DE\">GSI<\/span> <span lang=\"de-DE\">SLV <\/span><span lang=\"de-DE\">in Hannover<\/span><span lang=\"de-DE\">.<\/span><\/p>\n<p align=\"left\"><span lang=\"de-DE\">Unser Unternehmen verf\u00fcgt \u00fcber zertifizierte Schwei\u00dfer f\u00fcr die Schwei\u00dfmethoden <\/span><strong><span lang=\"de-DE\">TIG<\/span><\/strong><span lang=\"de-DE\"> f\u00fcr Aluminium und <\/span><strong><span lang=\"de-DE\">MIG\/MAG<\/span><\/strong><span lang=\"de-DE\"> f\u00fcr Stahl und rostfreiem Stahl. Au\u00dferdem verf\u00fcgen wir \u00fcber einen fest angestellten Schwei\u00dfmechaniker.<\/span><\/p>\n<p align=\"left\"><span lang=\"de-DE\">Wir garantieren <\/span><span lang=\"de-DE\">Zuverl\u00e4ssigkeit \u2013 Qualit\u00e4t \u2013 Flexibilit\u00e4t<\/span><span lang=\"de-DE\">.<\/span><\/p>\n<p lang=\"de-DE\" align=\"left\">Fragen Sie uns! Wir sind immer f\u00fcr Sie da!<\/p>\n","protected":false},"excerpt":{"rendered":"<p>Bode Hellas ist ein griechisches Unternehmen, das im Jahre 1984 als Tochtergesellschaft der Gebr. BODE GmbH mit Gesch\u00e4ftsf\u00fchrer Herrn Michail Tsiledakis und Zweck die Produktion&hellip;<\/p>\n","protected":false},"author":8,"featured_media":1340,"parent":0,"menu_order":7,"comment_status":"closed","ping_status":"closed","template":"","meta":[],"yoast_head":"<!-- This site is optimized with the Yoast SEO plugin v17.5 - https:\/\/yoast.com\/wordpress\/plugins\/seo\/ -->\n<title>Profil &ndash; Bode Hellas<\/title>\n<meta name=\"robots\" content=\"index, follow, max-snippet:-1, max-image-preview:large, max-video-preview:-1\" \/>\n<link rel=\"canonical\" href=\"https:\/\/bode-hellas.gr\/de\/profil\/\" \/>\n<meta property=\"og:locale\" content=\"de_DE\" \/>\n<meta property=\"og:type\" content=\"article\" \/>\n<meta property=\"og:title\" content=\"Profil &ndash; Bode Hellas\" \/>\n<meta property=\"og:description\" content=\"Bode Hellas ist ein griechisches Unternehmen, das im Jahre 1984 als Tochtergesellschaft der Gebr. BODE GmbH mit Gesch\u00e4ftsf\u00fchrer Herrn Michail Tsiledakis und Zweck die Produktion&hellip;\" \/>\n<meta property=\"og:url\" content=\"https:\/\/bode-hellas.gr\/de\/profil\/\" \/>\n<meta property=\"og:site_name\" content=\"Bode Hellas\" \/>\n<meta property=\"article:modified_time\" content=\"2016-04-20T07:33:05+00:00\" \/>\n<meta property=\"og:image\" content=\"https:\/\/bode-hellas.gr\/wp-content\/uploads\/2014\/12\/about-us.jpg\" \/>\n\t<meta property=\"og:image:width\" content=\"1920\" \/>\n\t<meta property=\"og:image:height\" content=\"331\" \/>\n<meta name=\"twitter:card\" content=\"summary_large_image\" \/>\n<meta name=\"twitter:label1\" content=\"Gesch\u00e4tzte Lesezeit\" \/>\n\t<meta name=\"twitter:data1\" content=\"1\u00a0Minute\" \/>\n<script type=\"application\/ld+json\" class=\"yoast-schema-graph\">{\"@context\":\"https:\/\/schema.org\",\"@graph\":[{\"@type\":\"Organization\",\"@id\":\"https:\/\/bode-hellas.gr\/de\/#organization\",\"name\":\"Bode Hellas\",\"url\":\"https:\/\/bode-hellas.gr\/de\/\",\"sameAs\":[],\"logo\":{\"@type\":\"ImageObject\",\"@id\":\"https:\/\/bode-hellas.gr\/de\/#logo\",\"inLanguage\":\"de\",\"url\":\"https:\/\/bode-hellas.gr\/wp-content\/uploads\/2016\/03\/logo_alt.png\",\"contentUrl\":\"https:\/\/bode-hellas.gr\/wp-content\/uploads\/2016\/03\/logo_alt.png\",\"width\":500,\"height\":231,\"caption\":\"Bode Hellas\"},\"image\":{\"@id\":\"https:\/\/bode-hellas.gr\/de\/#logo\"}},{\"@type\":\"WebSite\",\"@id\":\"https:\/\/bode-hellas.gr\/de\/#website\",\"url\":\"https:\/\/bode-hellas.gr\/de\/\",\"name\":\"Bode Hellas\",\"description\":\"\",\"publisher\":{\"@id\":\"https:\/\/bode-hellas.gr\/de\/#organization\"},\"potentialAction\":[{\"@type\":\"SearchAction\",\"target\":{\"@type\":\"EntryPoint\",\"urlTemplate\":\"https:\/\/bode-hellas.gr\/de\/?s={search_term_string}\"},\"query-input\":\"required name=search_term_string\"}],\"inLanguage\":\"de\"},{\"@type\":\"ImageObject\",\"@id\":\"https:\/\/bode-hellas.gr\/de\/profil\/#primaryimage\",\"inLanguage\":\"de\",\"url\":\"https:\/\/bode-hellas.gr\/wp-content\/uploads\/2014\/12\/about-us.jpg\",\"contentUrl\":\"https:\/\/bode-hellas.gr\/wp-content\/uploads\/2014\/12\/about-us.jpg\",\"width\":1920,\"height\":331},{\"@type\":\"WebPage\",\"@id\":\"https:\/\/bode-hellas.gr\/de\/profil\/#webpage\",\"url\":\"https:\/\/bode-hellas.gr\/de\/profil\/\",\"name\":\"Profil &ndash; Bode Hellas\",\"isPartOf\":{\"@id\":\"https:\/\/bode-hellas.gr\/de\/#website\"},\"primaryImageOfPage\":{\"@id\":\"https:\/\/bode-hellas.gr\/de\/profil\/#primaryimage\"},\"datePublished\":\"2014-12-04T11:54:23+00:00\",\"dateModified\":\"2016-04-20T07:33:05+00:00\",\"breadcrumb\":{\"@id\":\"https:\/\/bode-hellas.gr\/de\/profil\/#breadcrumb\"},\"inLanguage\":\"de\",\"potentialAction\":[{\"@type\":\"ReadAction\",\"target\":[\"https:\/\/bode-hellas.gr\/de\/profil\/\"]}]},{\"@type\":\"BreadcrumbList\",\"@id\":\"https:\/\/bode-hellas.gr\/de\/profil\/#breadcrumb\",\"itemListElement\":[{\"@type\":\"ListItem\",\"position\":1,\"name\":\"Home\",\"item\":\"https:\/\/bode-hellas.gr\/de\/\"},{\"@type\":\"ListItem\",\"position\":2,\"name\":\"Profil\"}]}]}<\/script>\n<!-- \/ Yoast SEO plugin. -->","yoast_head_json":{"title":"Profil &ndash; Bode Hellas","robots":{"index":"index","follow":"follow","max-snippet":"max-snippet:-1","max-image-preview":"max-image-preview:large","max-video-preview":"max-video-preview:-1"},"canonical":"https:\/\/bode-hellas.gr\/de\/profil\/","og_locale":"de_DE","og_type":"article","og_title":"Profil &ndash; Bode Hellas","og_description":"Bode Hellas ist ein griechisches Unternehmen, das im Jahre 1984 als Tochtergesellschaft der Gebr. BODE GmbH mit Gesch\u00e4ftsf\u00fchrer Herrn Michail Tsiledakis und Zweck die Produktion&hellip;","og_url":"https:\/\/bode-hellas.gr\/de\/profil\/","og_site_name":"Bode Hellas","article_modified_time":"2016-04-20T07:33:05+00:00","og_image":[{"width":1920,"height":331,"url":"https:\/\/bode-hellas.gr\/wp-content\/uploads\/2014\/12\/about-us.jpg","type":"image\/jpeg"}],"twitter_card":"summary_large_image","twitter_misc":{"Gesch\u00e4tzte Lesezeit":"1\u00a0Minute"},"schema":{"@context":"https:\/\/schema.org","@graph":[{"@type":"Organization","@id":"https:\/\/bode-hellas.gr\/de\/#organization","name":"Bode Hellas","url":"https:\/\/bode-hellas.gr\/de\/","sameAs":[],"logo":{"@type":"ImageObject","@id":"https:\/\/bode-hellas.gr\/de\/#logo","inLanguage":"de","url":"https:\/\/bode-hellas.gr\/wp-content\/uploads\/2016\/03\/logo_alt.png","contentUrl":"https:\/\/bode-hellas.gr\/wp-content\/uploads\/2016\/03\/logo_alt.png","width":500,"height":231,"caption":"Bode Hellas"},"image":{"@id":"https:\/\/bode-hellas.gr\/de\/#logo"}},{"@type":"WebSite","@id":"https:\/\/bode-hellas.gr\/de\/#website","url":"https:\/\/bode-hellas.gr\/de\/","name":"Bode Hellas","description":"","publisher":{"@id":"https:\/\/bode-hellas.gr\/de\/#organization"},"potentialAction":[{"@type":"SearchAction","target":{"@type":"EntryPoint","urlTemplate":"https:\/\/bode-hellas.gr\/de\/?s={search_term_string}"},"query-input":"required name=search_term_string"}],"inLanguage":"de"},{"@type":"ImageObject","@id":"https:\/\/bode-hellas.gr\/de\/profil\/#primaryimage","inLanguage":"de","url":"https:\/\/bode-hellas.gr\/wp-content\/uploads\/2014\/12\/about-us.jpg","contentUrl":"https:\/\/bode-hellas.gr\/wp-content\/uploads\/2014\/12\/about-us.jpg","width":1920,"height":331},{"@type":"WebPage","@id":"https:\/\/bode-hellas.gr\/de\/profil\/#webpage","url":"https:\/\/bode-hellas.gr\/de\/profil\/","name":"Profil &ndash; Bode Hellas","isPartOf":{"@id":"https:\/\/bode-hellas.gr\/de\/#website"},"primaryImageOfPage":{"@id":"https:\/\/bode-hellas.gr\/de\/profil\/#primaryimage"},"datePublished":"2014-12-04T11:54:23+00:00","dateModified":"2016-04-20T07:33:05+00:00","breadcrumb":{"@id":"https:\/\/bode-hellas.gr\/de\/profil\/#breadcrumb"},"inLanguage":"de","potentialAction":[{"@type":"ReadAction","target":["https:\/\/bode-hellas.gr\/de\/profil\/"]}]},{"@type":"BreadcrumbList","@id":"https:\/\/bode-hellas.gr\/de\/profil\/#breadcrumb","itemListElement":[{"@type":"ListItem","position":1,"name":"Home","item":"https:\/\/bode-hellas.gr\/de\/"},{"@type":"ListItem","position":2,"name":"Profil"}]}]}},"_links":{"self":[{"href":"https:\/\/bode-hellas.gr\/de\/wp-json\/wp\/v2\/pages\/1720"}],"collection":[{"href":"https:\/\/bode-hellas.gr\/de\/wp-json\/wp\/v2\/pages"}],"about":[{"href":"https:\/\/bode-hellas.gr\/de\/wp-json\/wp\/v2\/types\/page"}],"author":[{"embeddable":true,"href":"https:\/\/bode-hellas.gr\/de\/wp-json\/wp\/v2\/users\/8"}],"replies":[{"embeddable":true,"href":"https:\/\/bode-hellas.gr\/de\/wp-json\/wp\/v2\/comments?post=1720"}],"version-history":[{"count":5,"href":"https:\/\/bode-hellas.gr\/de\/wp-json\/wp\/v2\/pages\/1720\/revisions"}],"predecessor-version":[{"id":2129,"href":"https:\/\/bode-hellas.gr\/de\/wp-json\/wp\/v2\/pages\/1720\/revisions\/2129"}],"wp:featuredmedia":[{"embeddable":true,"href":"https:\/\/bode-hellas.gr\/de\/wp-json\/wp\/v2\/media\/1340"}],"wp:attachment":[{"href":"https:\/\/bode-hellas.gr\/de\/wp-json\/wp\/v2\/media?parent=1720"}],"curies":[{"name":"wp","href":"https:\/\/api.w.org\/{rel}","templated":true}]}}